{"id":29,"date":"2024-10-20T14:49:34","date_gmt":"2024-10-20T12:49:34","guid":{"rendered":"https:\/\/spurenderflucht.ch\/?page_id=29"},"modified":"2024-11-02T20:09:28","modified_gmt":"2024-11-02T19:09:28","slug":"disclaimer","status":"publish","type":"page","link":"https:\/\/spurenderflucht.ch\/?page_id=29","title":{"rendered":"Disclaimer"},"content":{"rendered":"<div  class='flex_column av-vnrd-9d975965d3fb4b35e8cd572e92803fa1 av_three_fourth  avia-builder-el-0  avia-builder-el-no-sibling  first flex_column_div  '     ><section  class='av_textblock_section av-m2hl49nl-b51d50d7ac2fc88602b51a6c63c5b8ea '   itemscope=\"itemscope\" itemtype=\"https:\/\/schema.org\/CreativeWork\" ><div class='avia_textblock'  itemprop=\"text\" ><p><main class=\"template-page content av-content-full alpha units\" role=\"main\"><\/p>\n<div class=\"post-entry post-entry-type-page post-entry-10541\">\n<div class=\"entry-content-wrapper clearfix\">\n<div class=\"flex_column av-j3d619-4a2155f4956cb5f4c3e398db992582e9 av_one_half avia-builder-el-0 avia-builder-el-no-sibling first flex_column_div \">\n<div class=\"hr av-lps71zf8-11eb8274be61cc8bfbb9bc246cf6c722 hr-invisible avia-builder-el-1 el_before_av_textblock avia-builder-el-first \"><\/div>\n<section class=\"av_textblock_section av-lps69vm6-596a51aabd45cc3a7d3400023d36f603 \">\n<div class=\"avia_textblock\">\n<h2><span style=\"color: #000000;\"><strong>Anbieter, Haftungshinweis und Cookies<\/strong><\/span><\/h2>\n<h5><span style=\"color: #000000;\">Klaus Petrus<\/span><br \/>\n<span style=\"color: #000000;\"> info@klauspetrus.ch<\/span><\/h5>\n<h5><span style=\"color: #000000;\">Alle Fotos dieser Site sind urheberrechtlich gesch\u00fctzt. Jede gewerbliche, kommerzielle oder andere Nutzung ist nur nach vorheriger Zustimmung erlaubt. \u00a9 Klaus Petrus<\/span><\/h5>\n<h5><span style=\"color: #000000;\">Trotz sorgf\u00e4ltiger Kontrolle wird keine Haftung f\u00fcr die Inhalte externer Links \u00fcbernommen. F\u00fcr den Inhalt der verlinkten Seiten sind ausschlie\u00dflich deren Betreiber verantwortlich.<\/span><\/h5>\n<h5><span style=\"color: #000000;\">Diese Webseite verwendet keine Cookies.<\/span><\/h5>\n<p>\u2192 <a href=\"https:\/\/spurenderflucht.ch\/\">zur\u00fcck zur Seite<\/a><\/p>\n<\/div>\n<\/section>\n<\/div>\n<\/div>\n<\/div>\n<p><\/main><\/p>\n<\/div><\/section><\/div>\n","protected":false},"excerpt":{"rendered":"","protected":false},"author":1,"featured_media":0,"parent":0,"menu_order":0,"comment_status":"closed","ping_status":"closed","template":"","meta":{"footnotes":""},"class_list":["post-29","page","type-page","status-publish","hentry"],"_links":{"self":[{"href":"https:\/\/spurenderflucht.ch\/index.php?rest_route=\/wp\/v2\/pages\/29","targetHints":{"allow":["GET"]}}],"collection":[{"href":"https:\/\/spurenderflucht.ch\/index.php?rest_route=\/wp\/v2\/pages"}],"about":[{"href":"https:\/\/spurenderflucht.ch\/index.php?rest_route=\/wp\/v2\/types\/page"}],"author":[{"embeddable":true,"href":"https:\/\/spurenderflucht.ch\/index.php?rest_route=\/wp\/v2\/users\/1"}],"replies":[{"embeddable":true,"href":"https:\/\/spurenderflucht.ch\/index.php?rest_route=%2Fwp%2Fv2%2Fcomments&post=29"}],"version-history":[{"count":6,"href":"https:\/\/spurenderflucht.ch\/index.php?rest_route=\/wp\/v2\/pages\/29\/revisions"}],"predecessor-version":[{"id":1043,"href":"https:\/\/spurenderflucht.ch\/index.php?rest_route=\/wp\/v2\/pages\/29\/revisions\/1043"}],"wp:attachment":[{"href":"https:\/\/spurenderflucht.ch\/index.php?rest_route=%2Fwp%2Fv2%2Fmedia&parent=29"}],"curies":[{"name":"wp","href":"https:\/\/api.w.org\/{rel}","templated":true}]}}